
{"id":900,"date":"2024-05-23T11:26:49","date_gmt":"2024-05-23T09:26:49","guid":{"rendered":"https:\/\/ipmfilters.com\/?page_id=900"},"modified":"2024-05-23T11:26:51","modified_gmt":"2024-05-23T09:26:51","slug":"privacy-policy","status":"publish","type":"page","link":"https:\/\/ipmfilters.com\/it\/privacy-policy\/","title":{"rendered":"Privacy Policy"},"content":{"rendered":"<h3 class=\"wp-block-heading\">INFORMATIVA PER IL TRATTAMENTO DEI DATI PERSONALI.<\/h3><p>IPM S.r.l., con sede legale in Via Madre Teresa 22, 20851 &#8211; Lissone (MB) &#8211; Italy, CF:08739150152, P.IVA:IT 00923400964 in qualit\u00e0 di Titolare del trattamento(in seguito, &#8220;Titolare&#8221;), Vi informa ai sensi dell&#8217;art. 13 D.Lgs. 30.6.2003 n. 196 (in seguito, &#8220;Codice Privacy&#8221;) e dell&#8217;art. 13 Regolamento UE n. 2016\/679 (in seguito, &#8220;GDPR&#8221;) che i Vostri dati saranno trattati con le modalit\u00e0 e per le finalit\u00e0 seguenti:<\/p><p>1. Oggetto del trattamento<\/p><p>Il Titolare tratta i dati personali, identificativi e non sensibili (a titolo esemplificativo ma non esaustivo, nome, cognome, ragione sociale, indirizzo, telefono, e-mail \u2014 in seguito, &#8220;dati personali&#8221; o anche &#8220;dati&#8221;) da Voi comunicati in occasione della registrazione al sito web www.ipmfilters.comn (in seguito, &#8220;Sito&#8221;), della compilazione e invio di un form di contatto al Titolare o, comunque, di ogni Vostrra richiesta al Titolare.<\/p><p>2. Finalit\u00e0 del trattamento<\/p><p>I Vostri dati personali sono trattati:<br><br>A) senza il Vostro consenso espresso (art. 24 lett. a), b), c) Codice Privacy e art. 6 lett. b), e) GDPR), per le seguenti Finalit\u00e0 di Servizio:<br><br>&#8211; partecipare tramite il Sito ad iniziative organizzate dal Titolare;<br>&#8211; processare e gestire gli ordini ricevuti e\/o gli acquisti effettuati online;<br>&#8211; processare una richiesta di contatto;<br>&#8211; adempiere agli obblighi precontrattuali, contrattuali e fiscali derivanti da rapporti con Voi in essere;<br>&#8211; adempiere agli obblighi previsti dalla legge, da un regolamento, dalla normativa comunitaria o da un ordine dell&#8217;Autorit\u00e0;<br>&#8211; prevenire o scoprire attivit\u00e0 fraudolente o abusi dannosi per il Sito; &#8211; esercitare i diritti del Titolare, ad esempio il diritto di difesa in giudizio.<\/p><p>B) Solo previo Vostro specifico e distinto consenso (artt. 23 e 130 Codice Privacy e art. 7 GDPR), per le seguenti Finalit\u00e0 di Marketing:<\/p><p>&#8211; inviarVi via e-mail newsletter, comunicazioni commerciali e\/o materiale pubblicitario su prodotti o servizi o eventi offerti dal Titolare.<\/p><p>Vi segnaliamo che se siete gi\u00e0 nostri clienti, potremo inviarVi comunicazioni commerciali relative a servizi e prodotti del Titolare analoghi a quelli di cui avete gi\u00e0 usufruito, salvo Vostro dissenso.<\/p><p>3. Modalit\u00e0 del trattamento<\/p><p>Il trattamento dei Vostri dati personali \u00e8 realizzato per mezzo delle operazioni indicate all&#8217;art. 4 Codice Privacy e all&#8217;art. 4 n. 2) GDPR e precisamente: raccolta, registrazione, organizzazione, conservazione, consultazione, elaborazione, modificazione, selezione, estrazione, raffronto, utilizzo, interconnessione, blocco, comunicazione, cancellazione e distruzione dei dati. I Vostri dati personali sono sottoposti a trattamento sia cartaceo che elettronico e\/o automatizzato.<\/p><p>4. Accesso ai dati<\/p><p>I Vostri dati potranno essere resi accessibili per le finalit\u00e0 di cui all&#8217;art. 2.A) e 2.B):<br>&#8211; a dipendenti e collaboratori del Titolare, nella loro qualit\u00e0 di incaricati e\/o responsabili interni del trattamento e\/o amministratori di sistema; &#8211; a societ\u00e0 terze o altri soggetti (a titolo indicativo, provider sito web, provider servizio e-payment, fornitori, tecnici addetti all&#8217;assistenza hardware e software, spedizionieri e vettori, istituti di credito, studi professionali, etc.) che svolgono attivit\u00e0 in outsourcing per conto del Titolare, nella loro qualit\u00e0 di responsabili del trattamento.<\/p><p>5. Comunicazione dei dati<\/p><p>Senza il Vostro espresso consenso (ex art. 24 lett. a), b), d) Codice Privacy e art. 6 lett. b) e c) GDPR), il Titolare potr\u00e0 comunicare i Vostri dati per le finalit\u00e0 di cui all&#8217;art. 2.A) a Organismi di vigilanza, Autorit\u00e0 giudiziarie nonch\u00e9 a tutti gli altri soggetti ai quali la comunicazione sia obbligatoria per legge per l&#8217;espletamento delle finalit\u00e0 dette. I Vostri dati non saranno diffusi.<\/p><p>6. Trasferimento dati<\/p><p>La gestione e la conservazione dei dati personali avverr\u00e0 su server ubicati all&#8217;interno dell&#8217;Unione Europea del Titolare e\/o di societ\u00e0 terze incaricate e debitamente nominate quali Responsabili del trattamento. Attualmente i server sono situati in Italia. I dati non saranno oggetto di trasferimento al di fuori dell&#8217;Unione Europea. Resta in ogni caso inteso che il Titolare, ove si rendesse necessario, avr\u00e0 facolt\u00e0 di spostare l&#8217;ubicazione dei server in Italia e\/o Unione Europea e\/o Paesi extra-UE. In tal caso, il Titolare assicura sin d&#8217;ora che il trasferimento dei dati extra-UE avverr\u00e0 in conformit\u00e0 alle disposizioni di legge applicabili stipulando, se necessario, accordi che garantiscano un livello di protezione adeguato e\/o adottando le clausole contrattuali standard previste dalla Commissione Europea.<\/p><p>7. Natura del conferimento dei dati e conseguenze del rifiuto di rispondere<\/p><p>Il conferimento dei dati per le finalit\u00e0 di cui all&#8217;art. 2.A) \u00e8 obbligatorio. In loro assenza, non potremo garantirVi n\u00e9 la registrazione al Sito n\u00e9 fornirVi i Servizi dell&#8217;art. 2.A). Il conferimento dei dati per le finalit\u00e0 di cui all&#8217;art. 2.B) \u00e8 invece facoltativo. Potete quindi decidere di non conferire alcun dato o di negare successivamente la possibilit\u00e0 di trattare dati gi\u00e0 forniti: in tal caso, non potrete ricevere newsletter, comunicazioni commerciali e materiale pubblicitario inerenti ai prodotti, servizi o eventi offerti dal Titolare. In ogni caso continuerete ad avere diritto ai Servizi di cui all&#8217;art. 2.A).<\/p><p>8. Diritti dell&#8217;interessato<\/p><p>Nella Vostra qualit\u00e0 di interessati, avete i diritti di cui all&#8217;art. 7 Codice Privacy e art. 15 GDPR e precisamente i diritti di:<br>1) ottenere la conferma dell&#8217;esistenza o meno di dati personali che Vi riguardano, anche se non ancora registrati, e la loro comunicazione in forma intelligibile;<br>2) ottenere l&#8217;indicazione: a) dell&#8217;origine dei dati personali; b) delle finalit\u00e0 e modalit\u00e0 del trattamento; c) della logica applicata in caso di trattamento effettuato con l&#8217;ausilio di strumenti elettronici; d) degli estremi identificativi del titolare, dei responsabili e del rappresentante designato ai sensi dell&#8217;art. 5, comma 2 Codice Privacy e art. 3, comma 1, GDPR; e) dei soggetti o delle categorie di soggetti ai quali i dati personali possono essere comunicati o che possono venirne a conoscenza in qualit\u00e0 di rappresentante designato nel territorio dello Stato, di responsabili o incaricati;<br>3) ottenere: a) l&#8217;aggiornamento, la rettificazione ovvero, quando vi vete interesse, l&#8217;integrazione dei dati; b) la cancellazione, la trasformazione in forma anonima o il blocco dei dati trattati in violazione di legge, compresi quelli di cui non \u00e8 necessaria la conservazione in relazione agli scopi per i quali i dati sono stati raccolti o successivamente trattati; c) l&#8217;attestazione che le operazioni di cui alle lettere a) e b) sono state portate a conoscenza, anche per quanto riguarda il loro contenuto, di coloro ai quali i dati sono stati comunicati o diffusi, eccettuato il caso in cui tale adempimento si rivela impossibile o comporta un impiego di mezzi manifestamente sproporzionato rispetto al diritto tutelato;<br>4) opporsi, in tutto o in parte: a) per motivi legittimi al trattamento dei dati personali che Vi riguardano, ancorch\u00e9 pertinenti allo scopo della raccolta; b) al trattamento di dati personali che Vi riguardano a fini di invio di materiale pubblicitario o di vendita diretta o per il compimento di ricerche di mercato o di comunicazione commerciale, mediante l&#8217;uso di sistemi automatizzati di chiamata senza l&#8217;intervento di un operatore mediante e-mail e\/o mediante modalit\u00e0 di marketing tradizionali mediante telefono e\/o posta cartacea. Si fa presente che il diritto di opposizione dell&#8217;interessato, esposto al precedente punto b), per finalit\u00e0 di marketing diretto mediante modalit\u00e0 automatizzate si estende a quelle tradizionali e che comunque resta salva la possibilit\u00e0 per l&#8217;interessato di esercitare il diritto di opposizione anche solo in parte. Pertanto, l&#8217;interessato pu\u00f2 decidere di ricevere solo comunicazioni mediante modalit\u00e0 tradizionali ovvero solo comunicazioni automatizzate oppure nessuna delle due tipologie di comunicazione. Ove applicabili, avete altres\u00ec i diritti di cui agli artt. 16-21 GDPR (Diritto di rettifica, diritto all&#8217;oblio, diritto di limitazione di trattamento, diritto alla portabilit\u00e0 dei dati contrattuali e grezzi di navigazione, diritto di opposizione), nonch\u00e9 il diritto di reclamo all&#8217;Autorit\u00e0 Garante.<\/p><p>9. Modalit\u00e0 di esercizio dei diritti<\/p><p>Potrete in qualsiasi momento esercitare i diritti inviando:<br>&#8211; una raccomandata a.r. a IPM S.r.l., Via Madre Teresa 22 &#8211; 20851 &#8211; Lissone (MB) &#8211; Italy;<br>&#8211; una e-mail all&#8217;indirizzo ipm@ipmfilters.com<br>involontariamente registrate, il Titolare le canceller\u00e0 in modo tempestivo, su richiesta degli utenti.<\/p><p>10. Titolare, responsabile e incaricati<\/p><p>Il Titolare del trattamento \u00e8 IPM S.r.l. con sede legale in Lissone (MB) Via Madre Teresa 22. L&#8217;elenco aggiornato dei responsabili e degli incaricati al trattamento \u00e8 custodito presso la sede del Titolare del trattamento.<br><br><\/p><h3 class=\"wp-block-heading\">INFORMATIVA SUI COOKIE<\/h3><p>Il sito web www.ipmfilters.com (in seguito, &#8220;Sito&#8221;) fa uso di cookie. Di seguito potrete trovare maggiori informazioni in merito ai cookie, a come vengono utilizzati nel Sito e a quali procedure di controllo adottiamo rispetto ai cookie stessi. Proseguendo nella navigazione nel Sito, dopo aver letto il nostro banner, acconsentite all&#8217;utilizzo dei cookie, in conformit\u00e0 con la presente informativa. Se non siete d&#8217;accordo all&#8217;utilizzo dei cookie, Vi invitiamo a disabilitarli seguendo le istruzioni di seguito riportate nella presente informativa.<\/p><p>1. Che cosa sono i cookie?<\/p><p>I cookie sono piccoli files di testo che vengono inviati sul Vostro dispositivo elettronico (PC, tablet, ecc..) durante la navigazione nel Sito. I cookie vengono poi rinviati al Sito nel corso di ogni successiva navigazione. I cookie agiscono come una memoria per il Sito, consentendo che il Sito riconosca il Vostro device ad ogni Vostra visita successiva al Sito. I cookie consentono inoltre di memorizzare le Vostre preferenze di navigazione offrendoVi un&#8217;esperienza pi\u00fa funzionale del Sito, e rendendo il contenuto del Sito il pi\u00fa personalizzato possibile.<\/p><p>2. Tipologie di cookie<\/p><p>I cookies possono essere tecnici, analitici e di profilazione.<br>Il Sito utilizza cookies tecnici &#8220;di sessione&#8221; e persistenti proprietari.<br>Il Sito utilizza altres\u00ec i seguenti cookies analitici di terza parte:<br>&#8211; Google Analytics, un servizio di analisi web fornito da Google, Inc. (in seguito, &#8220;Google&#8221;). Google Analytics usa dei cookie che aiutano nell&#8217;analisi di utilizzo del Sito da parte di altri utenti. Le informazioni generate dai cookies saranno conservate da Google nei propri server negli USA. Google elaborer\u00e0 queste informazioni per nostro conto, al fine di valutare l&#8217;utilizzo che gli utenti fanno del nostro Sito, creando dei report aggregati e anonimi relativi alle attivit\u00e0 effettuate sul Sito e fornendo altri servizi connessi a queste attivit\u00e0. In nessun caso Google collegher\u00e0 il Vostro indirizzo IP con altri dati di Google. E&#8217; possibile impedire l&#8217;utilizzo dei cookies, modificando le impostazioni del browser, tenendo presente che in tal caso, potreste per\u00f2 non essere pi\u00fa in grado di utilizzare tutte le funzionalit\u00e0 del Sito. Attraverso l&#8217;utilizzo del Sito esprimete il Vostro consenso all&#8217;elaborazione dei dati da parte di Google nel modo sopra descritto e per il suddetto scopo. Per maggiori informazioni http:\/\/www.google.com\/analytics\/terms\/it.html;<br>&#8211; Google AdWords, un servizio di annunci online di Google, Inc. Google AdWords, oltre a regolare la pubblicit\u00e0 del Sito (testi di annunci, banner, etc.), memorizza nel Vostro browser anche eventuali cookies inviati da Google o da terzi. Il Vostro indirizzo IP non verr\u00e0 collegato da Google con altri dati salvati da Google. Tramite la funzione Remarketing, Google pu\u00f2 mostrarVi annunci pubblicitari in base ai siti e ai contenuti da Voi visitati in precedenza. Potete evitare il salvataggio dei cookies selezionando l&#8217;apposita impostazione sul browser. Per maggiori informazioni https:\/\/www.google.com\/policies\/technologies\/ads\/. Potete inoltre impedire a Google il rilevamento dei dati generati dai cookie sull&#8217;utilizzo del Sito, nonch\u00e9 l&#8217;elaborazione di tali dati, scaricando e installando il plug-in browser disponibile al seguente link: https:\/\/tools.google.com\/dlpage\/gaoptout?hl=it;<\/p><p>Il Sito non utilizza cookies di profilazione.<\/p><p>3. Social media plug-ins<\/p><p>Il nostro Sito utilizza plug-in da social network per consentirVi di condividere sui social network contenuti di Vostro interesse, e specificatamente:<br>&#8211; Facebook, gestito da Facebook Inc., 1601 S. California Ave, Palo Alto, CA 94304. Potete riconoscere il plug-in di Facebook dal tasto &#8220;Like&#8221; visibile sulla pagina web. Quando visitate la pagina web, il plug-in crea una connessione diretta tra il Vostro browser e il server di Facebook. Facebook Vi informer\u00e0 della connessione e, qualora venga cliccato il tasto &#8220;Like&#8221; quando sia gi\u00e0 stato effettuato il login all&#8217;account personale di Facebook, il contenuto potr\u00e0 essere direttamente pubblicato sul Vostro profilo personale. Questo meccanismo permette a Facebook di assegnare al Vostro account personale la visita del nostro Sito web. Per maggiori informazioni http:\/\/www.facebook.com\/about\/privacy;<br>&#8211; Google +1, servizio di Google Inc. Si pu\u00f2 riconoscere la presenza di plug-in di Google+1 dal logo Google+ cos\u00ec come dal pulsante Google +1 sul nostro Sito. Attraverso il pulsante Google+ si possono pubblicare informazioni in tutto il mondo, ricevere contenuti personalizzati da parte di Google e dai nostri partner. Google registra sia l&#8217;informazione che \u00e8 stato assegnato un +1 ad un contenuto della pagina, sia le informazioni che sono state visualizzate cliccando sul pulsante +1. I +1 possono essere visualizzati insieme al nome e alla foto del Vostro profilo Google e nei servizi di Google, come ad esempio nei risultati di ricerca o nel profilo di Google o su altri siti o inserzioni. Per maggiori informazioni https:\/\/www.google.com\/intl\/it\/policies\/privacy\/;<br>&#8211; Youtube, servizio gestito da Youtube LLC e Google Inc. Se visitate una pagina web dotata del plug-in di Youtube, verrete connessi con i server di Youtube. Youtube viene informato delle pagine web che visitate. Qualora aveste effettuato il login al Vostro account Youtube, permettete a Youtube di collegare le Vostre scelte di navigazione al Vostro profilo personale Youtube. Per prevenire l&#8217;utilizzo di questi plug-in, assicurativi di aver effettuato il logout dal Vostro account Youtube. Per maggiori informazioni http:\/\/www.google.it\/intl\/it\/policies\/privacy\/<\/p><p>IPM non \u00e8 responsabile per il trattamento dei dati effettuato dalle terze parti sopra menzionate.<\/p><p>4. Finalit\u00e0<\/p><p>I cookies tecnici usati dal nostro Sito servono a effettuare e facilitare la Vostra navigazione e a fornirVi e a permetterVi di fruire dei servizi del Sito. Vi consentono, in un secondo accesso, di non dover ad esempio inserire nuovamente dati come la username per il login.<\/p><p>5. Come controllare ed eliminare i cookie<br>Potete autorizzare l&#8217;utilizzo dei cookies proseguendo nella navigazione sul Sito, dopo aver letto il Banner. Potete non autorizzare l&#8217;utilizzo di cookie o comunque disattivarli in ogni momento procedendo manualmente alla modificazione della configurazione del Vostro browser e seguendo le istruzioni contenute nelle policy dei gestori dei cookie. Per fare in modo che il Vostro browser rigetti i cookie, fate riferimento alle istruzioni fornite sopra o anche dal provider del browser. Una guida maggiormente dettagliata pu\u00f2 essere trovata al sito web www.aboutcookies.org.<br>Il conferimento dei dati \u00e8 facoltativo. Si fa tuttavia presente che il rifiuto\/disattivazione dei cookies potr\u00e0 impedire di utilizzare alcune funzionalit\u00e0 del Sito.<\/p><p>Per informazioni su: Modalit\u00e0 del trattamento, Accesso ai dati, Comunicazione dei dati, Diritti dell&#8217;interessato, Modalit\u00e0 di esercizio dei diritti, Titolare, responsabili e incaricati, leggete la nostra Informativa Privacy. Contatti: Per qualunque informazione in merito alla presente informativa, contattateci al seguente indirizzo e-mail ipm@ipmfilters.com o mandateci una raccomandata a.r. a IPM S.r.l., Via Madre Teresa 22 &#8211; 20851 &#8211; Lissone (MB) &#8211; Italy.<\/p>","protected":false},"excerpt":{"rendered":"<p>INFORMATIVA PER IL TRATTAMENTO DEI DATI PERSONALI. IPM S.r.l., con sede legale in Via Madre Teresa 22, 20851 &#8211; Lissone (MB) &#8211; Italy, CF:08739150152, P.IVA:IT 00923400964<span class=\"excerpt-hellip\"> [\u2026]<\/span><\/p>\n","protected":false},"author":1,"featured_media":0,"parent":0,"menu_order":0,"comment_status":"closed","ping_status":"closed","template":"","meta":{"_monsterinsights_skip_tracking":false,"_monsterinsights_sitenote_active":false,"_monsterinsights_sitenote_note":"","_monsterinsights_sitenote_category":0,"footnotes":""},"aioseo_notices":[],"jetpack_sharing_enabled":true,"_links":{"self":[{"href":"https:\/\/ipmfilters.com\/it\/wp-json\/wp\/v2\/pages\/900"}],"collection":[{"href":"https:\/\/ipmfilters.com\/it\/wp-json\/wp\/v2\/pages"}],"about":[{"href":"https:\/\/ipmfilters.com\/it\/wp-json\/wp\/v2\/types\/page"}],"author":[{"embeddable":true,"href":"https:\/\/ipmfilters.com\/it\/wp-json\/wp\/v2\/users\/1"}],"replies":[{"embeddable":true,"href":"https:\/\/ipmfilters.com\/it\/wp-json\/wp\/v2\/comments?post=900"}],"version-history":[{"count":1,"href":"https:\/\/ipmfilters.com\/it\/wp-json\/wp\/v2\/pages\/900\/revisions"}],"predecessor-version":[{"id":164530,"href":"https:\/\/ipmfilters.com\/it\/wp-json\/wp\/v2\/pages\/900\/revisions\/164530"}],"wp:attachment":[{"href":"https:\/\/ipmfilters.com\/it\/wp-json\/wp\/v2\/media?parent=900"}],"curies":[{"name":"wp","href":"https:\/\/api.w.org\/{rel}","templated":true}]}}