
{"id":224,"date":"2021-08-25T09:24:07","date_gmt":"2021-08-25T07:24:07","guid":{"rendered":"https:\/\/ipmfilters.com\/?post_type=product&#038;p=224"},"modified":"2023-10-05T21:30:33","modified_gmt":"2023-10-05T19:30:33","slug":"filterpes","status":"publish","type":"product","link":"https:\/\/ipmfilters.com\/it\/prodotto\/filterpes\/","title":{"rendered":"FilterPES"},"content":{"rendered":"<p>I filtri a membrana in <strong>Polietersulfone<\/strong> (PES) sono ottimizzati per applicazioni di filtrazione sterile, prefiltrazione e riduzione di carica microbiologica in cui sono richieste capacit\u00e0 di accumulo eccezionali, basso affinit\u00e0 proteica e ritenzione batterica assoluta.<\/p>\n<p>La scelta di <strong>FilterPES<\/strong> \u00e8 generalmente guidata dai requisiti di ritenzione richieste in fase di processo produttivo, dall\u2019autonomia richiesta al filtro dal processo produttivo e dalla compatibilit\u00e0 del fluido di processo con il filtro.<\/p>\n<p>I <strong>FilterPES<\/strong> sono disponibili con diversi gradi di ritenzione microbica determinati dalla dimensione dei pori della membrana.<\/p>\n<p>La bassa affinit\u00e0 proteica delle membrane in <strong>polietersulfone<\/strong> garantisce la massima trasmissione dei principi attivi presenti nei fluidi filtrati.<\/p>\n<p>I materiali sono conformi ai requisiti pertinenti il <em>21 CFR parte 177-182<\/em>, <em>EC1935\/2004<\/em>, <em>USP Plastics Classe VI<\/em> e gli attuali equivalenti <em>ISO 10993<\/em>.<\/p>\n<p>I nostri filtri a membrana sono progettati, sviluppati e prodotti in conformit\u00e0 con un sistema di gestione della qualit\u00e0 <em>ISO\u00ae 9001<\/em>.<\/p>\n<p>Vengono spediti con un Certificato di Qualit\u00e0. Ogni unit\u00e0 viene sottoposta a test di integrit\u00e0 durante la produzione ed \u00e8 supportata da un pacchetto di documentazione per la conformit\u00e0 ai requisiti normativi.<\/p>\n<p><div class='w3eden'><!-- WPDM Link Template: Default Template -->\n\n<div class=\"link-template-default card mb-2\">\n    <div class=\"card-body\">\n        <div class=\"media\">\n            <div class=\"mr-3 img-48\"><img decoding=\"async\" class=\"wpdm_icon\" alt=\"Icona\" src=\"https:\/\/ipmfilters.com\/wp-content\/plugins\/download-manager\/assets\/file-type-icons\/pdf.svg\" \/><\/div>\n            <div class=\"media-body\">\n                <h3 class=\"package-title\"><a href='https:\/\/ipmfilters.com\/it\/download\/filterpes_it\/'>FilterPES<\/a><\/h3>\n                <div class=\"text-muted text-small\"><i class=\"fas fa-copy\"><\/i> 1 file <i class=\"fas fa-hdd ml-3\"><\/i> 962.89 KB<\/div>\n            <\/div>\n            <div class=\"ml-3\">\n                <a class='wpdm-download-link download-on-click btn btn-primary btn-xs' rel='nofollow' href='#' data-downloadurl=\"https:\/\/ipmfilters.com\/it\/download\/filterpes_it\/?wpdmdl=597&refresh=69e347f21b5be1776502770\">Download<\/a>\n            <\/div>\n        <\/div>\n    <\/div>\n<\/div>\n\n<\/div><br \/>\n<div class='w3eden'><!-- WPDM Link Template: Default Template -->\n\n<div class=\"link-template-default card mb-2\">\n    <div class=\"card-body\">\n        <div class=\"media\">\n            <div class=\"mr-3 img-48\"><img decoding=\"async\" class=\"wpdm_icon\" alt=\"Icona\" src=\"https:\/\/ipmfilters.com\/wp-content\/plugins\/download-manager\/assets\/file-type-icons\/pdf.svg\" \/><\/div>\n            <div class=\"media-body\">\n                <h3 class=\"package-title\"><a href='https:\/\/ipmfilters.com\/it\/download\/filterpes-capsule\/'>FilterPES - Capsule<\/a><\/h3>\n                <div class=\"text-muted text-small\"><i class=\"fas fa-copy\"><\/i> 1 file <i class=\"fas fa-hdd ml-3\"><\/i> 962.89 KB<\/div>\n            <\/div>\n            <div class=\"ml-3\">\n                <a class='wpdm-download-link download-on-click btn btn-primary btn-xs' rel='nofollow' href='#' data-downloadurl=\"https:\/\/ipmfilters.com\/it\/download\/filterpes-capsule\/?wpdmdl=124528&refresh=69e347f25c9dd1776502770\">Download<\/a>\n            <\/div>\n        <\/div>\n    <\/div>\n<\/div>\n\n<\/div><\/p>\n","protected":false},"excerpt":{"rendered":"<p>Cartuccia filtrante a membrana pieghettata di grado sterilizzante in <strong>polietersulfone<\/strong>. | Per liquidi <em>farmaceutici<\/em>.<\/p>\n","protected":false},"featured_media":645,"template":"","meta":{"_monsterinsights_skip_tracking":false,"_monsterinsights_sitenote_active":false,"_monsterinsights_sitenote_note":"","_monsterinsights_sitenote_category":0},"product_cat":[27,28,30,29],"product_tag":[183],"aioseo_notices":[],"jetpack_sharing_enabled":true,"_links":{"self":[{"href":"https:\/\/ipmfilters.com\/it\/wp-json\/wp\/v2\/product\/224"}],"collection":[{"href":"https:\/\/ipmfilters.com\/it\/wp-json\/wp\/v2\/product"}],"about":[{"href":"https:\/\/ipmfilters.com\/it\/wp-json\/wp\/v2\/types\/product"}],"wp:featuredmedia":[{"embeddable":true,"href":"https:\/\/ipmfilters.com\/it\/wp-json\/wp\/v2\/media\/645"}],"wp:attachment":[{"href":"https:\/\/ipmfilters.com\/it\/wp-json\/wp\/v2\/media?parent=224"}],"wp:term":[{"taxonomy":"product_cat","embeddable":true,"href":"https:\/\/ipmfilters.com\/it\/wp-json\/wp\/v2\/product_cat?post=224"},{"taxonomy":"product_tag","embeddable":true,"href":"https:\/\/ipmfilters.com\/it\/wp-json\/wp\/v2\/product_tag?post=224"}],"curies":[{"name":"wp","href":"https:\/\/api.w.org\/{rel}","templated":true}]}}