
{"id":230,"date":"2021-08-25T09:48:20","date_gmt":"2021-08-25T07:48:20","guid":{"rendered":"https:\/\/ipmfilters.com\/?post_type=product&#038;p=230"},"modified":"2024-02-22T15:16:47","modified_gmt":"2024-02-22T14:16:47","slug":"filtertef","status":"publish","type":"product","link":"https:\/\/ipmfilters.com\/it\/prodotto\/filtertef\/","title":{"rendered":"FilterTEF"},"content":{"rendered":"<p>La membrana in <strong>PTFE<\/strong> \u00e8 intrinsecamente idrofoba, chimicamente inerte e progettata specificamente per la\u00a0 rimozione di batteri e virus in aria e gas compressi.<\/p>\n<p>I filtri <strong>FilterTEF<\/strong> garantiscono per lungo tempo l&#8217; integrit\u00e0 e la durata del filtro, in applicazioni che prevedono ripetute sterilizzazioni a vapore.<\/p>\n<p><strong>FilterTEF<\/strong> pu\u00f2 anche essere utilizzato nella filtrazione sterilizzante di solventi.<\/p>\n<p>Le cartucce FilterTEF vengono spedite con un certificato di conformit\u00e0 attestante il superamento di controlli qualit\u00e0 interni.<br \/>\nOgni unit\u00e0 \u00e8 testata per l&#8217;integrit\u00e0 durante la produzione ed \u00e8 supportata da un pacchetto di documentazione per la conformit\u00e0 ai requisiti normativi. .I materiali sono conformi ai requisiti pertinenti di <em>21 CFR parte 177-182<\/em>, <em>EC1935\/2004<\/em>, <em>USP Plastics Class VI<\/em>, <em>EEC<\/em> e gli attuali equivalenti <em>ISO 10993<\/em>.<\/p>\n<p><div class='w3eden'><!-- WPDM Link Template: Default Template -->\n\n<div class=\"link-template-default card mb-2\">\n    <div class=\"card-body\">\n        <div class=\"media\">\n            <div class=\"mr-3 img-48\"><img decoding=\"async\" class=\"wpdm_icon\" alt=\"Icona\" src=\"https:\/\/ipmfilters.com\/wp-content\/plugins\/download-manager\/assets\/file-type-icons\/pdf.svg\" \/><\/div>\n            <div class=\"media-body\">\n                <h3 class=\"package-title\"><a href='https:\/\/ipmfilters.com\/it\/download\/filtertef_it\/'>FilterTEF<\/a><\/h3>\n                <div class=\"text-muted text-small\"><i class=\"fas fa-copy\"><\/i> 1 file <i class=\"fas fa-hdd ml-3\"><\/i> 972.90 KB<\/div>\n            <\/div>\n            <div class=\"ml-3\">\n                <a class='wpdm-download-link download-on-click btn btn-primary btn-xs' rel='nofollow' href='#' data-downloadurl=\"https:\/\/ipmfilters.com\/it\/download\/filtertef_it\/?wpdmdl=591&refresh=69e18bb5b46731776389045\">Download<\/a>\n            <\/div>\n        <\/div>\n    <\/div>\n<\/div>\n\n<\/div><br \/>\n<div class='w3eden'><!-- WPDM Link Template: Default Template -->\n\n<div class=\"link-template-default card mb-2\">\n    <div class=\"card-body\">\n        <div class=\"media\">\n            <div class=\"mr-3 img-48\"><img decoding=\"async\" class=\"wpdm_icon\" alt=\"Icona\" src=\"https:\/\/ipmfilters.com\/wp-content\/plugins\/download-manager\/assets\/file-type-icons\/pdf.svg\" \/><\/div>\n            <div class=\"media-body\">\n                <h3 class=\"package-title\"><a href='https:\/\/ipmfilters.com\/it\/download\/filtertef-capsule\/'>FilterTEF - Capsule<\/a><\/h3>\n                <div class=\"text-muted text-small\"><i class=\"fas fa-copy\"><\/i> 1 file <i class=\"fas fa-hdd ml-3\"><\/i> 972.90 KB<\/div>\n            <\/div>\n            <div class=\"ml-3\">\n                <a class='wpdm-download-link download-on-click btn btn-primary btn-xs' rel='nofollow' href='#' data-downloadurl=\"https:\/\/ipmfilters.com\/it\/download\/filtertef-capsule\/?wpdmdl=124531&refresh=69e18bb5e27471776389045\">Download<\/a>\n            <\/div>\n        <\/div>\n    <\/div>\n<\/div>\n\n<\/div><\/p>\n","protected":false},"excerpt":{"rendered":"<p>Cartuccia filtro a membrana pieghettata . Membrana idrofoba in <strong>PTFE<\/strong> per la sterilizzazione di gas e solventi. | Per <em>applicazioni\u00a0 chimico-farmaceutiche, <\/em><em>\u00a0alimentari\u00a0 o delle<\/em>\u00a0<em>bevande acquose<\/em> e\/o <em>alcoliche<\/em>.<\/p>\n","protected":false},"featured_media":1042,"template":"","meta":{"_monsterinsights_skip_tracking":false,"_monsterinsights_sitenote_active":false,"_monsterinsights_sitenote_note":"","_monsterinsights_sitenote_category":0},"product_cat":[27,28,30,29,33],"product_tag":[183],"aioseo_notices":[],"jetpack_sharing_enabled":true,"_links":{"self":[{"href":"https:\/\/ipmfilters.com\/it\/wp-json\/wp\/v2\/product\/230"}],"collection":[{"href":"https:\/\/ipmfilters.com\/it\/wp-json\/wp\/v2\/product"}],"about":[{"href":"https:\/\/ipmfilters.com\/it\/wp-json\/wp\/v2\/types\/product"}],"wp:featuredmedia":[{"embeddable":true,"href":"https:\/\/ipmfilters.com\/it\/wp-json\/wp\/v2\/media\/1042"}],"wp:attachment":[{"href":"https:\/\/ipmfilters.com\/it\/wp-json\/wp\/v2\/media?parent=230"}],"wp:term":[{"taxonomy":"product_cat","embeddable":true,"href":"https:\/\/ipmfilters.com\/it\/wp-json\/wp\/v2\/product_cat?post=230"},{"taxonomy":"product_tag","embeddable":true,"href":"https:\/\/ipmfilters.com\/it\/wp-json\/wp\/v2\/product_tag?post=230"}],"curies":[{"name":"wp","href":"https:\/\/api.w.org\/{rel}","templated":true}]}}