
{"id":237,"date":"2021-08-25T10:17:05","date_gmt":"2021-08-25T08:17:05","guid":{"rendered":"https:\/\/ipmfilters.com\/?post_type=product&#038;p=237"},"modified":"2023-10-05T21:23:15","modified_gmt":"2023-10-05T19:23:15","slug":"filternyf","status":"publish","type":"product","link":"https:\/\/ipmfilters.com\/it\/prodotto\/filternyf\/","title":{"rendered":"FilterNYF"},"content":{"rendered":"<p>I filtri a cartuccia pieghettati <strong>FilterNYF<\/strong> sono realizzati con una membrana in <strong>Nylon 66<\/strong> di grado <em>farmaceutico<\/em> priva di carica positiva.<\/p>\n<p>Le cartucce <strong>FilterNYF<\/strong> hanno una membrana in <strong>nylon 66<\/strong> a strato singolo sviluppata per filtrazioni sterilizzanti. La membrana \u00e8 supportata da strati di polipropilene che migliorano la resistenza e la durata della membrana pieghettata.<\/p>\n<p>Le propriet\u00e0 idrofile della membrana in nylon si traducono in una facile bagnatura della membrana.<\/p>\n<p>La cartuccia <strong>FilterNYF<\/strong> \u00e8 una scelta eccellente per la filtrazione finale di prodotti liquidi nei settori farmaceutico, biologico, alimentare e delle bevande, nonch\u00e9 in molte applicazioni critiche di filtrazione industriale.<\/p>\n<p>I nostri filtri a membrana sono progettati, sviluppati e prodotti in conformit\u00e0 con un sistema di gestione della qualit\u00e0 <em>ISO\u00ae 9001<\/em>.<\/p>\n<p>Vengono spediti con un certificato di qualit\u00e0. Ogni unit\u00e0 \u00e8 testata per l&#8217;integrit\u00e0 durante la produzione ed \u00e8 supportata da un pacchetto di documentazione per la conformit\u00e0 ai requisiti normativi.<br \/>\nI materiali FilterNYF sono conformi ai requisiti pertinenti di <em>21 CFR parte 177-182<\/em>, <em>EC1935\/2004<\/em>, <em>USP Plastics Class VI<\/em>, <em>EEC<\/em> e gli attuali equivalenti <em>ISO 10993<\/em>.<\/p>\n<p><div class='w3eden'>\n<div class=\"link-template-default card mb-2\">\n    <div class=\"card-body\">\n        <div class=\"media\">\n            <div class=\"mr-3 img-48\"><img decoding=\"async\" class=\"wpdm_icon\" alt=\"Icona\"   src=\"https:\/\/ipmfilters.com\/wp-content\/plugins\/download-manager\/assets\/file-type-icons\/pdf.svg\" \/><\/div>\n            <div class=\"media-body\">\n                <h3 class=\"package-title\">FilterNYF<\/h3>\n                <div class=\"text-muted text-small\"><i class=\"fas fa-copy\"><\/i> 1 file <i class=\"fas fa-hdd ml-3\"><\/i> 943.78 KB<\/div>\n            <\/div>\n            <div class=\"ml-3\">\n                <a class='wpdm-download-link download-on-click btn btn-primary btn-xs' rel='nofollow' href='#' data-downloadurl=\"https:\/\/ipmfilters.com\/it\/download\/filternyf\/?wpdmdl=238&refresh=69d36c2b422cc1775463467\">Download<\/a>\n            <\/div>\n        <\/div>\n    <\/div>\n<\/div>\n\n<\/div><br \/>\n<div class='w3eden'>\n<div class=\"link-template-default card mb-2\">\n    <div class=\"card-body\">\n        <div class=\"media\">\n            <div class=\"mr-3 img-48\"><img decoding=\"async\" class=\"wpdm_icon\" alt=\"Icona\"   src=\"https:\/\/ipmfilters.com\/wp-content\/plugins\/download-manager\/assets\/file-type-icons\/pdf.svg\" \/><\/div>\n            <div class=\"media-body\">\n                <h3 class=\"package-title\">FilterNYF - Capsule<\/h3>\n                <div class=\"text-muted text-small\"><i class=\"fas fa-copy\"><\/i> 1 file <i class=\"fas fa-hdd ml-3\"><\/i> 943.78 KB<\/div>\n            <\/div>\n            <div class=\"ml-3\">\n                <a class='wpdm-download-link download-on-click btn btn-primary btn-xs' rel='nofollow' href='#' data-downloadurl=\"https:\/\/ipmfilters.com\/it\/download\/filternyf-capsule\/?wpdmdl=124523&refresh=69d36c2bacd0d1775463467\">Download<\/a>\n            <\/div>\n        <\/div>\n    <\/div>\n<\/div>\n\n<\/div><\/p>\n","protected":false},"excerpt":{"rendered":"<p>Cartuccia filtrante a membrana pieghettata di grado sterilizzante in <strong>Nylon 66<\/strong>. | Per liquidi <em>farmaceutici<\/em>.<\/p>\n","protected":false},"featured_media":645,"template":"","meta":{"_monsterinsights_skip_tracking":false,"_monsterinsights_sitenote_active":false,"_monsterinsights_sitenote_note":"","_monsterinsights_sitenote_category":0},"product_cat":[27],"product_tag":[183],"aioseo_notices":[],"jetpack_sharing_enabled":true,"_links":{"self":[{"href":"https:\/\/ipmfilters.com\/it\/wp-json\/wp\/v2\/product\/237"}],"collection":[{"href":"https:\/\/ipmfilters.com\/it\/wp-json\/wp\/v2\/product"}],"about":[{"href":"https:\/\/ipmfilters.com\/it\/wp-json\/wp\/v2\/types\/product"}],"wp:featuredmedia":[{"embeddable":true,"href":"https:\/\/ipmfilters.com\/it\/wp-json\/wp\/v2\/media\/645"}],"wp:attachment":[{"href":"https:\/\/ipmfilters.com\/it\/wp-json\/wp\/v2\/media?parent=237"}],"wp:term":[{"taxonomy":"product_cat","embeddable":true,"href":"https:\/\/ipmfilters.com\/it\/wp-json\/wp\/v2\/product_cat?post=237"},{"taxonomy":"product_tag","embeddable":true,"href":"https:\/\/ipmfilters.com\/it\/wp-json\/wp\/v2\/product_tag?post=237"}],"curies":[{"name":"wp","href":"https:\/\/api.w.org\/{rel}","templated":true}]}}