
{"id":241,"date":"2021-08-25T10:52:20","date_gmt":"2021-08-25T08:52:20","guid":{"rendered":"https:\/\/ipmfilters.com\/?post_type=product&#038;p=241"},"modified":"2023-10-05T21:27:13","modified_gmt":"2023-10-05T19:27:13","slug":"filternyp","status":"publish","type":"product","link":"https:\/\/ipmfilters.com\/it\/prodotto\/filternyp\/","title":{"rendered":"FilterNYP"},"content":{"rendered":"<p>Cartuccia sviluppata per applicazioni sterili, per la rimozione di colloidi ed endotossine.<\/p>\n<p>La cartuccia <strong>FilterNYP<\/strong> \u00e8 una scelta eccellente per la filtrazione finale di prodotti liquidi nelle industrie farmaceutiche e biologiche, quando \u00e8 richiesta una membrana caricata positivamente per una efficace rimozione di pirogeni e colloidi fini.<\/p>\n<p>Non rilasciante fibre, con ampia compatibilit\u00e0 chimica e bassi estraibili.<\/p>\n<p>I nostri filtri a membrana sono progettati, sviluppati e prodotti in conformit\u00e0 con un sistema di gestione della qualit\u00e0 <em>ISO\u00ae 9001<\/em>.<\/p>\n<p>Vengono spediti con un certificato di qualit\u00e0.<br \/>\nOgni unit\u00e0 \u00e8 testata per l&#8217;integrit\u00e0 durante la produzione ed \u00e8 supportata da un pacchetto di documentazione per la conformit\u00e0 ai requisiti normativi. .I materiali sono conformi ai requisiti pertinenti di <em>21 CFR parte 177-182<\/em>, <em>EC1935\/2004<\/em>, <em>USP Plastics Class VI<\/em>, <em>EEC<\/em> e gli attuali equivalenti <em>ISO 10993<\/em>.<\/p>\n<p><div class='w3eden'>\n<div class=\"link-template-default card mb-2\">\n    <div class=\"card-body\">\n        <div class=\"media\">\n            <div class=\"mr-3 img-48\"><img decoding=\"async\" class=\"wpdm_icon\" alt=\"Icona\"   src=\"https:\/\/ipmfilters.com\/wp-content\/plugins\/download-manager\/assets\/file-type-icons\/pdf.svg\" \/><\/div>\n            <div class=\"media-body\">\n                <h3 class=\"package-title\">FilterNYP<\/h3>\n                <div class=\"text-muted text-small\"><i class=\"fas fa-copy\"><\/i> 1 file <i class=\"fas fa-hdd ml-3\"><\/i> 944.30 KB<\/div>\n            <\/div>\n            <div class=\"ml-3\">\n                <a class='wpdm-download-link download-on-click btn btn-primary btn-xs' rel='nofollow' href='#' data-downloadurl=\"https:\/\/ipmfilters.com\/it\/download\/filternyp\/?wpdmdl=242&refresh=69db87980db661775994776\">Download<\/a>\n            <\/div>\n        <\/div>\n    <\/div>\n<\/div>\n\n<\/div><br \/>\n<div class='w3eden'>\n<div class=\"link-template-default card mb-2\">\n    <div class=\"card-body\">\n        <div class=\"media\">\n            <div class=\"mr-3 img-48\"><img decoding=\"async\" class=\"wpdm_icon\" alt=\"Icona\"   src=\"https:\/\/ipmfilters.com\/wp-content\/plugins\/download-manager\/assets\/file-type-icons\/pdf.svg\" \/><\/div>\n            <div class=\"media-body\">\n                <h3 class=\"package-title\">FilterNYP - Capsule<\/h3>\n                <div class=\"text-muted text-small\"><i class=\"fas fa-copy\"><\/i> 1 file <i class=\"fas fa-hdd ml-3\"><\/i> 944.30 KB<\/div>\n            <\/div>\n            <div class=\"ml-3\">\n                <a class='wpdm-download-link download-on-click btn btn-primary btn-xs' rel='nofollow' href='#' data-downloadurl=\"https:\/\/ipmfilters.com\/it\/download\/filternyp-capsule\/?wpdmdl=124526&refresh=69db87982c16f1775994776\">Download<\/a>\n            <\/div>\n        <\/div>\n    <\/div>\n<\/div>\n\n<\/div><\/p>\n","protected":false},"excerpt":{"rendered":"<p>Cartuccia filtrante a membrana pieghettata di grado sterilizzante in <strong>Nylon 66 con carica positiva<\/strong>. | Per liquidi <em>farmaceutici<\/em>.<\/p>\n","protected":false},"featured_media":645,"template":"","meta":{"_monsterinsights_skip_tracking":false,"_monsterinsights_sitenote_active":false,"_monsterinsights_sitenote_note":"","_monsterinsights_sitenote_category":0},"product_cat":[27],"product_tag":[183],"aioseo_notices":[],"jetpack_sharing_enabled":true,"_links":{"self":[{"href":"https:\/\/ipmfilters.com\/it\/wp-json\/wp\/v2\/product\/241"}],"collection":[{"href":"https:\/\/ipmfilters.com\/it\/wp-json\/wp\/v2\/product"}],"about":[{"href":"https:\/\/ipmfilters.com\/it\/wp-json\/wp\/v2\/types\/product"}],"wp:featuredmedia":[{"embeddable":true,"href":"https:\/\/ipmfilters.com\/it\/wp-json\/wp\/v2\/media\/645"}],"wp:attachment":[{"href":"https:\/\/ipmfilters.com\/it\/wp-json\/wp\/v2\/media?parent=241"}],"wp:term":[{"taxonomy":"product_cat","embeddable":true,"href":"https:\/\/ipmfilters.com\/it\/wp-json\/wp\/v2\/product_cat?post=241"},{"taxonomy":"product_tag","embeddable":true,"href":"https:\/\/ipmfilters.com\/it\/wp-json\/wp\/v2\/product_tag?post=241"}],"curies":[{"name":"wp","href":"https:\/\/api.w.org\/{rel}","templated":true}]}}